{"id":34312,"date":"2025-01-28T22:17:57","date_gmt":"2025-01-28T22:17:57","guid":{"rendered":"https:\/\/momeuro.wpenginepowered.com\/kontakt\/"},"modified":"2025-05-26T18:58:09","modified_gmt":"2025-05-26T18:58:09","slug":"kontakt","status":"publish","type":"page","link":"https:\/\/gomomentum.eu\/de\/kontakt\/","title":{"rendered":"Kontakt"},"content":{"rendered":"\t\t<div data-elementor-type=\"wp-page\" data-elementor-id=\"34312\" class=\"elementor elementor-34312 elementor-455\" data-elementor-settings=\"{&quot;ha_cmc_init_switcher&quot;:&quot;no&quot;}\" data-elementor-post-type=\"page\">\n\t\t\t\t<div class=\"elementor-element elementor-element-3f15ce5 e-flex e-con-boxed e-con e-parent\" data-id=\"3f15ce5\" data-element_type=\"container\" data-e-type=\"container\" data-settings=\"{&quot;background_background&quot;:&quot;classic&quot;,&quot;_ha_eqh_enable&quot;:false}\">\n\t\t\t\t\t<div class=\"e-con-inner\">\n\t\t\t\t<div class=\"elementor-element elementor-element-551088c elementor-widget elementor-widget-heading\" data-id=\"551088c\" data-element_type=\"widget\" data-e-type=\"widget\" data-widget_type=\"heading.default\">\n\t\t\t\t<div class=\"elementor-widget-container\">\n\t\t\t\t\t<h1 class=\"elementor-heading-title elementor-size-default\">Kontaktieren Sie uns<\/h1>\t\t\t\t<\/div>\n\t\t\t\t<\/div>\n\t\t\t\t<div class=\"elementor-element elementor-element-2db44a8 elementor-hidden-tablet elementor-hidden-mobile elementor-widget elementor-widget-text-editor\" data-id=\"2db44a8\" data-element_type=\"widget\" data-e-type=\"widget\" data-widget_type=\"text-editor.default\">\n\t\t\t\t<div class=\"elementor-widget-container\">\n\t\t\t\t\t\t\t\t\t<div class=\"thread-list-item-message-column\"><div><div class=\"message ql-snow \"><div class=\"ql-editor\"><p style=\"text-align: center;\">Momentum ist stolz darauf, Technologie anzubieten, die Unternehmen hilft, effizienter zu kommunizieren. Wir sind \u00fcber verschiedene Kan\u00e4le erreichbar, um Ihren Anforderungen gerecht zu werden. <\/p><\/div><\/div><\/div><\/div>\t\t\t\t\t\t\t\t<\/div>\n\t\t\t\t<\/div>\n\t\t\t\t\t<\/div>\n\t\t\t\t<\/div>\n\t\t\t\t<section class=\"elementor-section elementor-top-section elementor-element elementor-element-86d48d0 elementor-section-boxed elementor-section-height-default elementor-section-height-default\" data-id=\"86d48d0\" data-element_type=\"section\" data-e-type=\"section\" data-settings=\"{&quot;_ha_eqh_enable&quot;:false}\">\n\t\t\t\t\t\t<div class=\"elementor-container elementor-column-gap-extended\">\n\t\t\t\t\t<div class=\"elementor-column elementor-col-33 elementor-top-column elementor-element elementor-element-1feabce ot-flex-column-vertical\" data-id=\"1feabce\" data-element_type=\"column\" data-e-type=\"column\">\n\t\t\t<div class=\"elementor-widget-wrap elementor-element-populated\">\n\t\t\t\t\t\t<div class=\"elementor-element elementor-element-030e332 elementor-widget__width-initial elementor-widget elementor-widget-iheading\" data-id=\"030e332\" data-element_type=\"widget\" data-e-type=\"widget\" data-widget_type=\"iheading.default\">\n\t\t\t\t<div class=\"elementor-widget-container\">\n\t\t\t\t\t\t\t<div class=\"ot-heading\">\r\n\t        \t        <h3 class=\"main-head\">Verbinden Sie sich mit einem Momentum Team Mitglied<\/h3>\t    <\/div>\r\n\t    \t\t\t\t<\/div>\n\t\t\t\t<\/div>\n\t\t\t\t<div class=\"elementor-element elementor-element-588e854 elementor-widget elementor-widget-text-editor\" data-id=\"588e854\" data-element_type=\"widget\" data-e-type=\"widget\" data-widget_type=\"text-editor.default\">\n\t\t\t\t<div class=\"elementor-widget-container\">\n\t\t\t\t\t\t\t\t\t<div><p>Bitte f\u00fcllen Sie das Formular aus, und jemand aus unserem Team wird sich in K\u00fcrze mit Ihnen in Verbindung setzen. Sie m\u00f6gen keine Formulare? Rufen Sie uns an, um mit einer echten Person zu sprechen.  <\/p><p> <\/p><\/div><p>Bitte besuchen Sie unsere <a href=\"https:\/\/gomomentum.com\/support\/\">Support-Seite<\/a> f\u00fcr weitere Kontaktinformationen. Bitte beachten Sie, dass alle Support-Anfragen telefonisch oder \u00fcber das Momentum Subscriber Portal gestellt werden m\u00fcssen.  <\/p>\t\t\t\t\t\t\t\t<\/div>\n\t\t\t\t<\/div>\n\t\t\t\t<div class=\"elementor-element elementor-element-130afd7 box-s1 icon-left elementor-widget elementor-widget-iiconbox2\" data-id=\"130afd7\" data-element_type=\"widget\" data-e-type=\"widget\" data-widget_type=\"iiconbox2.default\">\n\t\t\t\t<div class=\"elementor-widget-container\">\n\t\t\t\t\t\t\t<div class=\"icon-box icon-box-2\">\r\n\t\t\t<div class=\"icon-main\">\r\n\t\t        <svg xmlns=\"http:\/\/www.w3.org\/2000\/svg\" xmlns:xlink=\"http:\/\/www.w3.org\/1999\/xlink\" x=\"0px\" y=\"0px\" viewBox=\"0 0 512 512\" style=\"enable-background:new 0 0 512 512;\" xml:space=\"preserve\"><g>\t<g>\t\t<path d=\"M256,0C150.125,0,64,86.135,64,192c0,141.646,177.146,310,184.688,317.104C250.75,511.031,253.375,512,256,512   s5.25-0.969,7.313-2.896C270.854,502,448,333.646,448,192C448,86.135,361.875,0,256,0z M256,298.667   c-58.813,0-106.667-47.854-106.667-106.667S197.188,85.333,256,85.333S362.667,133.188,362.667,192S314.813,298.667,256,298.667z\"><\/path>\t<\/g><\/g><\/svg>\t        <\/div>\r\n\t        <div class=\"content-box\">\r\n\t\t\t\t<h6 class=\"title-box\">Globales Missionskontrollzentrum<\/h6>\t\t\t\t<p>Horapark 3, 6717 LZ, Ede<br>Nederland, Amsterdam<br>Vertrieb: <a href=\"tel:+31202261551\">+3120 226 1551<\/a><\/p>\t\t\t<\/div>\r\n\t    <\/div>\r\n\t    \t\t\t\t<\/div>\n\t\t\t\t<\/div>\n\t\t\t\t<div class=\"elementor-element elementor-element-4f93bc5 box-s1 icon-left elementor-widget elementor-widget-iiconbox2\" data-id=\"4f93bc5\" data-element_type=\"widget\" data-e-type=\"widget\" data-widget_type=\"iiconbox2.default\">\n\t\t\t\t<div class=\"elementor-widget-container\">\n\t\t\t\t\t\t\t<div class=\"icon-box icon-box-2\">\r\n\t\t\t<div class=\"icon-main\">\r\n\t\t        <svg xmlns=\"http:\/\/www.w3.org\/2000\/svg\" width=\"194\" height=\"220\" viewBox=\"0 0 194 220\" fill=\"none\"><path d=\"M96.661 0C43.1434 0 0 44.1889 0 97.5202C0 103.758 0 142.795 0 149.073C0 159.732 8.67264 168.405 19.3322 168.405H26.8838C29.5454 175.905 36.7077 181.293 45.1085 181.293C55.768 181.293 64.4407 172.62 64.4407 161.961V110.408C64.4407 99.7488 55.768 91.0762 45.1085 91.0762C42.942 91.0762 40.8594 91.4403 38.9128 92.0998C41.6179 62.1785 66.483 38.6644 96.661 38.6644C126.839 38.6644 151.704 62.1785 154.409 92.0998C152.463 91.4403 150.38 91.0762 148.214 91.0762C137.554 91.0762 128.881 99.7488 128.881 110.408V161.961C128.881 172.62 137.554 181.293 148.214 181.293C156.614 181.293 163.777 175.905 166.438 168.405H167.546V187.737C167.546 191.29 164.654 194.181 161.102 194.181H114.886C112.224 186.682 105.062 181.293 96.661 181.293C86.0015 181.293 77.3288 189.966 77.3288 200.625C77.3288 211.285 86.0015 219.958 96.661 219.958C105.062 219.958 112.224 214.569 114.886 207.069H161.102C171.761 207.069 180.434 198.397 180.434 187.737V167.297C187.935 164.636 193.322 157.474 193.322 149.073C193.322 142.835 193.322 103.798 193.322 97.5202C193.322 44.1721 150.164 0 96.661 0ZM96.661 207.069C93.1084 207.069 90.217 204.178 90.217 200.625C90.217 197.073 93.1084 194.181 96.661 194.181C100.214 194.181 103.105 197.073 103.105 200.625C103.105 204.178 100.214 207.069 96.661 207.069ZM12.8881 149.073V123.296C12.8881 119.744 15.7796 116.852 19.3322 116.852H25.7763V155.517H19.3322C15.7796 155.517 12.8881 152.625 12.8881 149.073ZM45.1085 103.964C48.6611 103.964 51.5525 106.856 51.5525 110.408V161.961C51.5525 165.514 48.6611 168.405 45.1085 168.405C41.5558 168.405 38.6644 165.514 38.6644 161.961V110.408C38.6644 106.856 41.5558 103.964 45.1085 103.964ZM148.214 168.405C144.661 168.405 141.769 165.514 141.769 161.961V110.408C141.769 106.856 144.661 103.964 148.214 103.964C151.766 103.964 154.658 106.856 154.658 110.408V161.961C154.658 165.514 151.766 168.405 148.214 168.405ZM180.434 149.073C180.434 152.625 177.542 155.517 173.99 155.517H167.546V116.852H173.99C177.542 116.852 180.434 119.744 180.434 123.296V149.073ZM180.434 105.072C178.417 104.357 176.249 103.964 173.99 103.964H167.546V97.5202C167.546 58.495 135.982 25.7763 96.661 25.7763C57.3254 25.7763 25.7763 58.5118 25.7763 97.5202V103.964H19.3322C17.0734 103.964 14.9053 104.357 12.8881 105.072V97.5202C12.8881 50.8544 50.4685 12.8881 96.661 12.8881C142.854 12.8881 180.434 50.8544 180.434 97.5202V105.072Z\" fill=\"#AFD600\"><\/path><\/svg>\t        <\/div>\r\n\t        <div class=\"content-box\">\r\n\t\t\t\t<h6 class=\"title-box\">Kundenbetreuung<\/h6>\t\t\t\t<p><a href=\"tel:+31202261500\">+3120 226 1500<\/a><\/p>\t\t\t<\/div>\r\n\t    <\/div>\r\n\t    \t\t\t\t<\/div>\n\t\t\t\t<\/div>\n\t\t\t\t<div class=\"elementor-element elementor-element-9e02e72 box-s1 icon-left elementor-widget elementor-widget-iiconbox2\" data-id=\"9e02e72\" data-element_type=\"widget\" data-e-type=\"widget\" data-widget_type=\"iiconbox2.default\">\n\t\t\t\t<div class=\"elementor-widget-container\">\n\t\t\t\t\t\t\t<div class=\"icon-box icon-box-2\">\r\n\t\t\t<div class=\"icon-main\">\r\n\t\t        <svg xmlns=\"http:\/\/www.w3.org\/2000\/svg\" xmlns:xlink=\"http:\/\/www.w3.org\/1999\/xlink\" x=\"0px\" y=\"0px\" viewBox=\"0 0 384 384\" style=\"enable-background:new 0 0 384 384;\" xml:space=\"preserve\"><g>\t<g>\t\t<path d=\"M353.188,252.052c-23.51,0-46.594-3.677-68.469-10.906c-10.719-3.656-23.896-0.302-30.438,6.417l-43.177,32.594   c-50.073-26.729-80.917-57.563-107.281-107.26l31.635-42.052c8.219-8.208,11.167-20.198,7.635-31.448   c-7.26-21.99-10.948-45.063-10.948-68.583C132.146,13.823,118.323,0,101.333,0H30.813C13.823,0,0,13.823,0,30.813   C0,225.563,158.438,384,353.188,384c16.99,0,30.813-13.823,30.813-30.813v-70.323C384,265.875,370.177,252.052,353.188,252.052z\"><\/path>\t<\/g><\/g><\/svg>\t        <\/div>\r\n\t        <div class=\"content-box\">\r\n\t\t\t\t<h6 class=\"title-box\">Ausf\u00e4lle<\/h6>\t\t\t\t<p>Bitte rufen Sie im Falle eines Ausfalls nicht die oben genannte Nummer an, sondern die 24\u00d77-Ausfallnummer<br> +3120<a href=\"tel:+31202261555\"> 226 1555<\/a><br>\n<\/p>\t\t\t<\/div>\r\n\t    <\/div>\r\n\t    \t\t\t\t<\/div>\n\t\t\t\t<\/div>\n\t\t\t\t<div class=\"elementor-element elementor-element-5901674 elementor-widget elementor-widget-iheading\" data-id=\"5901674\" data-element_type=\"widget\" data-e-type=\"widget\" data-widget_type=\"iheading.default\">\n\t\t\t\t<div class=\"elementor-widget-container\">\n\t\t\t\t\t\t\t<div class=\"ot-heading\">\r\n\t        \t        <h3 class=\"main-head\">EMEA-B\u00fcros<\/h3>\t    <\/div>\r\n\t    \t\t\t\t<\/div>\n\t\t\t\t<\/div>\n\t\t\t\t<div class=\"elementor-element elementor-element-34a48c2 elementor-widget elementor-widget-iaccordions\" data-id=\"34a48c2\" data-element_type=\"widget\" data-e-type=\"widget\" data-widget_type=\"iaccordions.default\">\n\t\t\t\t<div class=\"elementor-widget-container\">\n\t\t\t\t\t\r\n\t\t<div class=\"ot-accordions\">\r\n\t\t\t\t\t\t<div class=\"acc-item\">\r\n\t\t\t\t<div class=\"acc-toggle flex-middle\" data-default=\"\">The Netherlands, Ede \r\n\t\t\t\t\t<i class=\"ot-flaticon-arrowsoutline\"><\/i>\r\n\t\t\t\t<\/div>\r\n\t\t\t\t<div class=\"acc-content\">\r\n\t\t\t\t\t<p><strong>T:<\/strong>\u00a0<a href=\"tel:0031202261500\">+31202261500<\/a><br \/><strong>E:<\/strong> <a href=\"mailto:service@horizontelecom.nl\">service@horizontelecom.nl<\/a><br \/>Horapark 3, 6718ZM, Ede<\/p>\t\t\t\t<\/div>\r\n\t\t\t<\/div>\r\n\t\t\t\t\t\t<div class=\"acc-item\">\r\n\t\t\t\t<div class=\"acc-toggle flex-middle\" data-default=\"\">Denmark, Silkeborg \r\n\t\t\t\t\t<i class=\"ot-flaticon-arrowsoutline\"><\/i>\r\n\t\t\t\t<\/div>\r\n\t\t\t\t<div class=\"acc-content\">\r\n\t\t\t\t\t<p><strong>Secher Security<\/strong><\/p><p><strong>T:<\/strong>\u00a0<a href=\"tel:00450330440\">+4550330440<\/a><br \/><strong>E:<\/strong> <a href=\"mailto:salg@sechersecurity.dk\">salg@sechersecurity.dk<\/a><br \/>Papirfabrikken 26, st.tv.<br \/>8600 Silkeborg<\/p>\t\t\t\t<\/div>\r\n\t\t\t<\/div>\r\n\t\t\t\t\t\t<div class=\"acc-item\">\r\n\t\t\t\t<div class=\"acc-toggle flex-middle\" data-default=\"\">Germany, Frankfurt \r\n\t\t\t\t\t<i class=\"ot-flaticon-arrowsoutline\"><\/i>\r\n\t\t\t\t<\/div>\r\n\t\t\t\t<div class=\"acc-content\">\r\n\t\t\t\t\t<p><strong>T:<\/strong>\u00a0<a href=\"tel:+4989212315690\">+4989212315690<br \/><\/a><strong>E:<\/strong>\u00a0<a href=\"mailto:contact@horizontelecom.nl\">contact@horizontelecom.nl<\/a><br \/>Grosse Gallusstrasse 16-18, Frankfurt, 60312<\/p>\t\t\t\t<\/div>\r\n\t\t\t<\/div>\r\n\t\t\t\t\t\t<div class=\"acc-item\">\r\n\t\t\t\t<div class=\"acc-toggle flex-middle\" data-default=\"\">Norway, Oslo \r\n\t\t\t\t\t<i class=\"ot-flaticon-arrowsoutline\"><\/i>\r\n\t\t\t\t<\/div>\r\n\t\t\t\t<div class=\"acc-content\">\r\n\t\t\t\t\t<p>Biskop Gunnerus Gate 14,\u00a0Oslo, 0185<\/p>\t\t\t\t<\/div>\r\n\t\t\t<\/div>\r\n\t\t\t\t\t\t<div class=\"acc-item\">\r\n\t\t\t\t<div class=\"acc-toggle flex-middle\" data-default=\"\">Sweden, Stockholm \r\n\t\t\t\t\t<i class=\"ot-flaticon-arrowsoutline\"><\/i>\r\n\t\t\t\t<\/div>\r\n\t\t\t\t<div class=\"acc-content\">\r\n\t\t\t\t\t<p>Hammarbybacken 27,\u00a0Stockholm, 121 45<\/p>\t\t\t\t<\/div>\r\n\t\t\t<\/div>\r\n\t\t\t\t    <\/div>\r\n\r\n\t    \t\t\t\t<\/div>\n\t\t\t\t<\/div>\n\t\t\t\t<div class=\"elementor-element elementor-element-60024fe elementor-widget elementor-widget-iheading\" data-id=\"60024fe\" data-element_type=\"widget\" data-e-type=\"widget\" data-widget_type=\"iheading.default\">\n\t\t\t\t<div class=\"elementor-widget-container\">\n\t\t\t\t\t\t\t<div class=\"ot-heading\">\r\n\t        \t        <h3 class=\"main-head\">B\u00fcros in Nordamerika<\/h3>\t    <\/div>\r\n\t    \t\t\t\t<\/div>\n\t\t\t\t<\/div>\n\t\t\t\t<div class=\"elementor-element elementor-element-0a01446 elementor-widget elementor-widget-iaccordions\" data-id=\"0a01446\" data-element_type=\"widget\" data-e-type=\"widget\" data-widget_type=\"iaccordions.default\">\n\t\t\t\t<div class=\"elementor-widget-container\">\n\t\t\t\t\t\r\n\t\t<div class=\"ot-accordions\">\r\n\t\t\t\t\t\t<div class=\"acc-item\">\r\n\t\t\t\t<div class=\"acc-toggle flex-middle\" data-default=\"\">Headquarters \r\n\t\t\t\t\t<i class=\"ot-flaticon-arrowsoutline\"><\/i>\r\n\t\t\t\t<\/div>\r\n\t\t\t\t<div class=\"acc-content\">\r\n\t\t\t\t\t<p><span data-teams=\"true\">2 Ravinia Drive<\/span> | <span data-teams=\"true\">Suite 1630<\/span><br \/>Atlanta, GA <span data-teams=\"true\">30346<\/span><\/p>\t\t\t\t<\/div>\r\n\t\t\t<\/div>\r\n\t\t\t\t\t\t<div class=\"acc-item\">\r\n\t\t\t\t<div class=\"acc-toggle flex-middle\" data-default=\"\">Georgia \r\n\t\t\t\t\t<i class=\"ot-flaticon-arrowsoutline\"><\/i>\r\n\t\t\t\t<\/div>\r\n\t\t\t\t<div class=\"acc-content\">\r\n\t\t\t\t\t<p>102 E. Main Street<br \/>Cartersville, GA 30120<\/p><p><span data-teams=\"true\">2 Ravinia Drive<\/span> | <span data-teams=\"true\">Suite 1630<\/span><br \/>Atlanta, GA <span data-teams=\"true\">30346<\/span><\/p>\t\t\t\t<\/div>\r\n\t\t\t<\/div>\r\n\t\t\t\t\t\t<div class=\"acc-item\">\r\n\t\t\t\t<div class=\"acc-toggle flex-middle\" data-default=\"\">Alabama \r\n\t\t\t\t\t<i class=\"ot-flaticon-arrowsoutline\"><\/i>\r\n\t\t\t\t<\/div>\r\n\t\t\t\t<div class=\"acc-content\">\r\n\t\t\t\t\t<p>1200 Corporate Drive | Suite 300<br \/>Birmingham, AL 35242<\/p>\t\t\t\t<\/div>\r\n\t\t\t<\/div>\r\n\t\t\t\t\t\t<div class=\"acc-item\">\r\n\t\t\t\t<div class=\"acc-toggle flex-middle\" data-default=\"\">Tennessee \r\n\t\t\t\t\t<i class=\"ot-flaticon-arrowsoutline\"><\/i>\r\n\t\t\t\t<\/div>\r\n\t\t\t\t<div class=\"acc-content\">\r\n\t\t\t\t\t<p>3286 North Park Blvd, Suite A<br \/>Alcoa, TN 37701<\/p>\t\t\t\t<\/div>\r\n\t\t\t<\/div>\r\n\t\t\t\t    <\/div>\r\n\r\n\t    \t\t\t\t<\/div>\n\t\t\t\t<\/div>\n\t\t\t\t\t<\/div>\n\t\t<\/div>\n\t\t\t\t<div class=\"elementor-column elementor-col-66 elementor-top-column elementor-element elementor-element-89ca7e2 ot-flex-column-vertical\" data-id=\"89ca7e2\" data-element_type=\"column\" data-e-type=\"column\">\n\t\t\t<div class=\"elementor-widget-wrap elementor-element-populated\">\n\t\t\t\t\t\t<div class=\"elementor-element elementor-element-651ad9d elementor-widget__width-inherit elementor-widget elementor-widget-html\" data-id=\"651ad9d\" data-element_type=\"widget\" data-e-type=\"widget\" data-widget_type=\"html.default\">\n\t\t\t\t<div class=\"elementor-widget-container\">\n\t\t\t\t\t<div class=\"_form_463\"><\/div><script src=\"https:\/\/horizontelecom.activehosted.com\/f\/embed.php?id=463\" charset=\"utf-8\"><\/script>\t\t\t\t<\/div>\n\t\t\t\t<\/div>\n\t\t\t\t\t<\/div>\n\t\t<\/div>\n\t\t\t\t\t<\/div>\n\t\t<\/section>\n\t\t\t\t<\/div>\n\t\t","protected":false},"excerpt":{"rendered":"<p>Kontaktieren Sie uns Momentum ist stolz darauf, Technologie anzubieten, die Unternehmen hilft, effizienter zu kommunizieren. Wir sind \u00fcber verschiedene Kan\u00e4le erreichbar, um Ihren Anforderungen gerecht zu werden. Verbinden Sie sich mit einem Momentum Team Mitglied Bitte f\u00fcllen Sie das Formular aus, und jemand aus unserem Team wird sich in K\u00fcrze mit Ihnen in Verbindung setzen. [&hellip;]<\/p>\n","protected":false},"author":2,"featured_media":32322,"parent":0,"menu_order":0,"comment_status":"closed","ping_status":"closed","template":"elementor_header_footer","meta":{"footnotes":""},"class_list":["post-34312","page","type-page","status-publish","has-post-thumbnail","hentry"],"yoast_head":"<!-- This site is optimized with the Yoast SEO plugin v27.3 - https:\/\/yoast.com\/product\/yoast-seo-wordpress\/ -->\n<title>Kontaktieren Sie uns | Momentum<\/title>\n<meta name=\"description\" content=\"Momentum ist stolz darauf, Technologie anzubieten, die Unternehmen hilft, effizienter zu kommunizieren. Wir sind \u00fcber verschiedene Kan\u00e4le verf\u00fcgbar, um Ihre Bed\u00fcrfnisse zu erf\u00fcllen.\" \/>\n<meta name=\"robots\" content=\"index, follow, max-snippet:-1, max-image-preview:large, max-video-preview:-1\" \/>\n<link rel=\"canonical\" href=\"https:\/\/gomomentum.eu\/de\/kontakt\/\" \/>\n<meta property=\"og:locale\" content=\"de_DE\" \/>\n<meta property=\"og:type\" content=\"article\" \/>\n<meta property=\"og:title\" content=\"Kontaktieren Sie uns | Momentum\" \/>\n<meta property=\"og:description\" content=\"Momentum ist stolz darauf, Technologie anzubieten, die Unternehmen hilft, effizienter zu kommunizieren. Wir sind \u00fcber verschiedene Kan\u00e4le verf\u00fcgbar, um Ihre Bed\u00fcrfnisse zu erf\u00fcllen.\" \/>\n<meta property=\"og:url\" content=\"https:\/\/gomomentum.eu\/de\/kontakt\/\" \/>\n<meta property=\"og:site_name\" content=\"Momentum\" \/>\n<meta property=\"article:modified_time\" content=\"2025-05-26T18:58:09+00:00\" \/>\n<meta property=\"og:image\" content=\"https:\/\/gomomentum.eu\/wp-content\/uploads\/2024\/03\/Momentum-Secure-Networking.png\" \/>\n\t<meta property=\"og:image:width\" content=\"1200\" \/>\n\t<meta property=\"og:image:height\" content=\"627\" \/>\n\t<meta property=\"og:image:type\" content=\"image\/png\" \/>\n<meta name=\"twitter:card\" content=\"summary_large_image\" \/>\n<meta name=\"twitter:label1\" content=\"Est. reading time\" \/>\n\t<meta name=\"twitter:data1\" content=\"1\u00a0Minute\" \/>\n<script type=\"application\/ld+json\" class=\"yoast-schema-graph\">{\"@context\":\"https:\\\/\\\/schema.org\",\"@graph\":[{\"@type\":\"WebPage\",\"@id\":\"https:\\\/\\\/gomomentum.eu\\\/de\\\/kontakt\\\/\",\"url\":\"https:\\\/\\\/gomomentum.eu\\\/de\\\/kontakt\\\/\",\"name\":\"Kontaktieren Sie uns | Momentum\",\"isPartOf\":{\"@id\":\"https:\\\/\\\/gomomentum.eu\\\/de\\\/#website\"},\"primaryImageOfPage\":{\"@id\":\"https:\\\/\\\/gomomentum.eu\\\/de\\\/kontakt\\\/#primaryimage\"},\"image\":{\"@id\":\"https:\\\/\\\/gomomentum.eu\\\/de\\\/kontakt\\\/#primaryimage\"},\"thumbnailUrl\":\"https:\\\/\\\/gomomentum.eu\\\/wp-content\\\/uploads\\\/2024\\\/03\\\/Momentum-Secure-Networking.png\",\"datePublished\":\"2025-01-28T22:17:57+00:00\",\"dateModified\":\"2025-05-26T18:58:09+00:00\",\"description\":\"Momentum ist stolz darauf, Technologie anzubieten, die Unternehmen hilft, effizienter zu kommunizieren. Wir sind \u00fcber verschiedene Kan\u00e4le verf\u00fcgbar, um Ihre Bed\u00fcrfnisse zu erf\u00fcllen.\",\"breadcrumb\":{\"@id\":\"https:\\\/\\\/gomomentum.eu\\\/de\\\/kontakt\\\/#breadcrumb\"},\"inLanguage\":\"de\",\"potentialAction\":[{\"@type\":\"ReadAction\",\"target\":[\"https:\\\/\\\/gomomentum.eu\\\/de\\\/kontakt\\\/\"]}]},{\"@type\":\"ImageObject\",\"inLanguage\":\"de\",\"@id\":\"https:\\\/\\\/gomomentum.eu\\\/de\\\/kontakt\\\/#primaryimage\",\"url\":\"https:\\\/\\\/gomomentum.eu\\\/wp-content\\\/uploads\\\/2024\\\/03\\\/Momentum-Secure-Networking.png\",\"contentUrl\":\"https:\\\/\\\/gomomentum.eu\\\/wp-content\\\/uploads\\\/2024\\\/03\\\/Momentum-Secure-Networking.png\",\"width\":1200,\"height\":627},{\"@type\":\"BreadcrumbList\",\"@id\":\"https:\\\/\\\/gomomentum.eu\\\/de\\\/kontakt\\\/#breadcrumb\",\"itemListElement\":[{\"@type\":\"ListItem\",\"position\":1,\"name\":\"Home\",\"item\":\"https:\\\/\\\/gomomentum.eu\\\/de\\\/\"},{\"@type\":\"ListItem\",\"position\":2,\"name\":\"Kontakt\"}]},{\"@type\":\"WebSite\",\"@id\":\"https:\\\/\\\/gomomentum.eu\\\/de\\\/#website\",\"url\":\"https:\\\/\\\/gomomentum.eu\\\/de\\\/\",\"name\":\"Momentum Telecom\",\"description\":\"Connect. Collaborate. Engage | Thrive with Momentum\",\"publisher\":{\"@id\":\"https:\\\/\\\/gomomentum.eu\\\/de\\\/#organization\"},\"alternateName\":\"Go Momentum\",\"potentialAction\":[{\"@type\":\"SearchAction\",\"target\":{\"@type\":\"EntryPoint\",\"urlTemplate\":\"https:\\\/\\\/gomomentum.eu\\\/de\\\/?s={search_term_string}\"},\"query-input\":{\"@type\":\"PropertyValueSpecification\",\"valueRequired\":true,\"valueName\":\"search_term_string\"}}],\"inLanguage\":\"de\"},{\"@type\":\"Organization\",\"@id\":\"https:\\\/\\\/gomomentum.eu\\\/de\\\/#organization\",\"name\":\"Momentum\",\"url\":\"https:\\\/\\\/gomomentum.eu\\\/de\\\/\",\"logo\":{\"@type\":\"ImageObject\",\"inLanguage\":\"de\",\"@id\":\"https:\\\/\\\/gomomentum.eu\\\/de\\\/#\\\/schema\\\/logo\\\/image\\\/\",\"url\":\"https:\\\/\\\/gomomentum.eu\\\/wp-content\\\/uploads\\\/2024\\\/10\\\/momentum_logo.svg\",\"contentUrl\":\"https:\\\/\\\/gomomentum.eu\\\/wp-content\\\/uploads\\\/2024\\\/10\\\/momentum_logo.svg\",\"width\":246,\"height\":47,\"caption\":\"Momentum\"},\"image\":{\"@id\":\"https:\\\/\\\/gomomentum.eu\\\/de\\\/#\\\/schema\\\/logo\\\/image\\\/\"}}]}<\/script>\n<!-- \/ Yoast SEO plugin. -->","yoast_head_json":{"title":"Kontaktieren Sie uns | Momentum","description":"Momentum ist stolz darauf, Technologie anzubieten, die Unternehmen hilft, effizienter zu kommunizieren. Wir sind \u00fcber verschiedene Kan\u00e4le verf\u00fcgbar, um Ihre Bed\u00fcrfnisse zu erf\u00fcllen.","robots":{"index":"index","follow":"follow","max-snippet":"max-snippet:-1","max-image-preview":"max-image-preview:large","max-video-preview":"max-video-preview:-1"},"canonical":"https:\/\/gomomentum.eu\/de\/kontakt\/","og_locale":"de_DE","og_type":"article","og_title":"Kontaktieren Sie uns | Momentum","og_description":"Momentum ist stolz darauf, Technologie anzubieten, die Unternehmen hilft, effizienter zu kommunizieren. Wir sind \u00fcber verschiedene Kan\u00e4le verf\u00fcgbar, um Ihre Bed\u00fcrfnisse zu erf\u00fcllen.","og_url":"https:\/\/gomomentum.eu\/de\/kontakt\/","og_site_name":"Momentum","article_modified_time":"2025-05-26T18:58:09+00:00","og_image":[{"width":1200,"height":627,"url":"https:\/\/gomomentum.eu\/wp-content\/uploads\/2024\/03\/Momentum-Secure-Networking.png","type":"image\/png"}],"twitter_card":"summary_large_image","twitter_misc":{"Est. reading time":"1\u00a0Minute"},"schema":{"@context":"https:\/\/schema.org","@graph":[{"@type":"WebPage","@id":"https:\/\/gomomentum.eu\/de\/kontakt\/","url":"https:\/\/gomomentum.eu\/de\/kontakt\/","name":"Kontaktieren Sie uns | Momentum","isPartOf":{"@id":"https:\/\/gomomentum.eu\/de\/#website"},"primaryImageOfPage":{"@id":"https:\/\/gomomentum.eu\/de\/kontakt\/#primaryimage"},"image":{"@id":"https:\/\/gomomentum.eu\/de\/kontakt\/#primaryimage"},"thumbnailUrl":"https:\/\/gomomentum.eu\/wp-content\/uploads\/2024\/03\/Momentum-Secure-Networking.png","datePublished":"2025-01-28T22:17:57+00:00","dateModified":"2025-05-26T18:58:09+00:00","description":"Momentum ist stolz darauf, Technologie anzubieten, die Unternehmen hilft, effizienter zu kommunizieren. Wir sind \u00fcber verschiedene Kan\u00e4le verf\u00fcgbar, um Ihre Bed\u00fcrfnisse zu erf\u00fcllen.","breadcrumb":{"@id":"https:\/\/gomomentum.eu\/de\/kontakt\/#breadcrumb"},"inLanguage":"de","potentialAction":[{"@type":"ReadAction","target":["https:\/\/gomomentum.eu\/de\/kontakt\/"]}]},{"@type":"ImageObject","inLanguage":"de","@id":"https:\/\/gomomentum.eu\/de\/kontakt\/#primaryimage","url":"https:\/\/gomomentum.eu\/wp-content\/uploads\/2024\/03\/Momentum-Secure-Networking.png","contentUrl":"https:\/\/gomomentum.eu\/wp-content\/uploads\/2024\/03\/Momentum-Secure-Networking.png","width":1200,"height":627},{"@type":"BreadcrumbList","@id":"https:\/\/gomomentum.eu\/de\/kontakt\/#breadcrumb","itemListElement":[{"@type":"ListItem","position":1,"name":"Home","item":"https:\/\/gomomentum.eu\/de\/"},{"@type":"ListItem","position":2,"name":"Kontakt"}]},{"@type":"WebSite","@id":"https:\/\/gomomentum.eu\/de\/#website","url":"https:\/\/gomomentum.eu\/de\/","name":"Momentum Telecom","description":"Connect. Collaborate. Engage | Thrive with Momentum","publisher":{"@id":"https:\/\/gomomentum.eu\/de\/#organization"},"alternateName":"Go Momentum","potentialAction":[{"@type":"SearchAction","target":{"@type":"EntryPoint","urlTemplate":"https:\/\/gomomentum.eu\/de\/?s={search_term_string}"},"query-input":{"@type":"PropertyValueSpecification","valueRequired":true,"valueName":"search_term_string"}}],"inLanguage":"de"},{"@type":"Organization","@id":"https:\/\/gomomentum.eu\/de\/#organization","name":"Momentum","url":"https:\/\/gomomentum.eu\/de\/","logo":{"@type":"ImageObject","inLanguage":"de","@id":"https:\/\/gomomentum.eu\/de\/#\/schema\/logo\/image\/","url":"https:\/\/gomomentum.eu\/wp-content\/uploads\/2024\/10\/momentum_logo.svg","contentUrl":"https:\/\/gomomentum.eu\/wp-content\/uploads\/2024\/10\/momentum_logo.svg","width":246,"height":47,"caption":"Momentum"},"image":{"@id":"https:\/\/gomomentum.eu\/de\/#\/schema\/logo\/image\/"}}]}},"_links":{"self":[{"href":"https:\/\/gomomentum.eu\/de\/wp-json\/wp\/v2\/pages\/34312","targetHints":{"allow":["GET"]}}],"collection":[{"href":"https:\/\/gomomentum.eu\/de\/wp-json\/wp\/v2\/pages"}],"about":[{"href":"https:\/\/gomomentum.eu\/de\/wp-json\/wp\/v2\/types\/page"}],"author":[{"embeddable":true,"href":"https:\/\/gomomentum.eu\/de\/wp-json\/wp\/v2\/users\/2"}],"replies":[{"embeddable":true,"href":"https:\/\/gomomentum.eu\/de\/wp-json\/wp\/v2\/comments?post=34312"}],"version-history":[{"count":0,"href":"https:\/\/gomomentum.eu\/de\/wp-json\/wp\/v2\/pages\/34312\/revisions"}],"wp:featuredmedia":[{"embeddable":true,"href":"https:\/\/gomomentum.eu\/de\/wp-json\/wp\/v2\/media\/32322"}],"wp:attachment":[{"href":"https:\/\/gomomentum.eu\/de\/wp-json\/wp\/v2\/media?parent=34312"}],"curies":[{"name":"wp","href":"https:\/\/api.w.org\/{rel}","templated":true}]}}