{"id":34310,"date":"2025-02-13T05:06:06","date_gmt":"2025-02-13T05:06:06","guid":{"rendered":"https:\/\/momeuro.wpenginepowered.com\/microsoft-roadshow-veranstaltungen\/"},"modified":"2025-05-26T17:09:37","modified_gmt":"2025-05-26T17:09:37","slug":"microsoft-roadshow-veranstaltungen","status":"publish","type":"page","link":"https:\/\/gomomentum.eu\/de\/microsoft-roadshow-veranstaltungen\/","title":{"rendered":"Microsoft Roadshow-Veranstaltungen"},"content":{"rendered":"\t\t<div data-elementor-type=\"wp-page\" data-elementor-id=\"34310\" class=\"elementor elementor-34310 elementor-28955\" data-elementor-settings=\"{&quot;ha_cmc_init_switcher&quot;:&quot;no&quot;}\" data-elementor-post-type=\"page\">\n\t\t\t\t<div class=\"elementor-element elementor-element-e077b7b e-flex e-con-boxed e-con e-parent\" data-id=\"e077b7b\" data-element_type=\"container\" data-e-type=\"container\" data-settings=\"{&quot;background_background&quot;:&quot;classic&quot;,&quot;_ha_eqh_enable&quot;:false}\">\n\t\t\t\t\t<div class=\"e-con-inner\">\n\t\t\t\t<div class=\"elementor-element elementor-element-e6498d7 elementor-widget__width-initial elementor-widget elementor-widget-heading\" data-id=\"e6498d7\" data-element_type=\"widget\" data-e-type=\"widget\" data-widget_type=\"heading.default\">\n\t\t\t\t<div class=\"elementor-widget-container\">\n\t\t\t\t\t<h1 class=\"elementor-heading-title elementor-size-default\">Momentum Thrive Roadshow 2025<\/h1>\t\t\t\t<\/div>\n\t\t\t\t<\/div>\n\t\t\t\t<div class=\"elementor-element elementor-element-07c0f0a elementor-widget elementor-widget-heading\" data-id=\"07c0f0a\" data-element_type=\"widget\" data-e-type=\"widget\" data-widget_type=\"heading.default\">\n\t\t\t\t<div class=\"elementor-widget-container\">\n\t\t\t\t\t<h2 class=\"elementor-heading-title elementor-size-default\">Registrieren Sie sich f\u00fcr die Teilnahme in einer Stadt in Ihrer N\u00e4he<\/h2>\t\t\t\t<\/div>\n\t\t\t\t<\/div>\n\t\t\t\t\t<\/div>\n\t\t\t\t<\/div>\n\t\t<div class=\"elementor-element elementor-element-8e51869 e-flex e-con-boxed e-con e-parent\" data-id=\"8e51869\" data-element_type=\"container\" data-e-type=\"container\" data-settings=\"{&quot;_ha_eqh_enable&quot;:false}\">\n\t\t\t\t\t<div class=\"e-con-inner\">\n\t\t\t\t<div class=\"elementor-element elementor-element-631908c elementor-widget elementor-widget-heading\" data-id=\"631908c\" data-element_type=\"widget\" data-e-type=\"widget\" data-widget_type=\"heading.default\">\n\t\t\t\t<div class=\"elementor-widget-container\">\n\t\t\t\t\t<h2 class=\"elementor-heading-title elementor-size-default\">Besuchen Sie Momentum und Microsoft w\u00e4hrend der Thrive Roadshow<\/h2>\t\t\t\t<\/div>\n\t\t\t\t<\/div>\n\t\t\t\t<div class=\"elementor-element elementor-element-48024d7 elementor-widget-divider--view-line elementor-widget elementor-widget-divider\" data-id=\"48024d7\" data-element_type=\"widget\" data-e-type=\"widget\" data-widget_type=\"divider.default\">\n\t\t\t\t<div class=\"elementor-widget-container\">\n\t\t\t\t\t\t\t<div class=\"elementor-divider\">\n\t\t\t<span class=\"elementor-divider-separator\">\n\t\t\t\t\t\t<\/span>\n\t\t<\/div>\n\t\t\t\t\t\t<\/div>\n\t\t\t\t<\/div>\n\t\t\t\t\t<\/div>\n\t\t\t\t<\/div>\n\t\t<div class=\"elementor-element elementor-element-73aa8ad e-flex e-con-boxed e-con e-parent\" data-id=\"73aa8ad\" data-element_type=\"container\" data-e-type=\"container\" data-settings=\"{&quot;_ha_eqh_enable&quot;:false}\">\n\t\t\t\t\t<div class=\"e-con-inner\">\n\t\t\t\t\t<\/div>\n\t\t\t\t<\/div>\n\t\t\t\t<\/div>\n\t\t","protected":false},"excerpt":{"rendered":"<p>Momentum Thrive Roadshow 2025 Registrieren Sie sich f\u00fcr die Teilnahme in einer Stadt in Ihrer N\u00e4he Besuchen Sie Momentum und Microsoft w\u00e4hrend der Thrive Roadshow 10 June 2025 Momentum + Microsoft Thrive Roadshow Seattle, WA9:00 am &#8211; 1:30 pm Seattle | Microsoft Innovation Hub, 700 Bellevue Way NE, Floor 22 Bellevue, WA 98004 United States [&hellip;]<\/p>\n","protected":false},"author":26,"featured_media":32322,"parent":0,"menu_order":0,"comment_status":"closed","ping_status":"closed","template":"elementor_header_footer","meta":{"footnotes":""},"class_list":["post-34310","page","type-page","status-publish","has-post-thumbnail","hentry"],"yoast_head":"<!-- This site is optimized with the Yoast SEO plugin v27.3 - https:\/\/yoast.com\/product\/yoast-seo-wordpress\/ -->\n<title>Microsoft Roadshow-Veranstaltungen | Momentum<\/title>\n<meta name=\"robots\" content=\"index, follow, max-snippet:-1, max-image-preview:large, max-video-preview:-1\" \/>\n<link rel=\"canonical\" href=\"https:\/\/gomomentum.eu\/de\/microsoft-roadshow-veranstaltungen\/\" \/>\n<meta property=\"og:locale\" content=\"de_DE\" \/>\n<meta property=\"og:type\" content=\"article\" \/>\n<meta property=\"og:title\" content=\"Microsoft Roadshow-Veranstaltungen | Momentum\" \/>\n<meta property=\"og:description\" content=\"Momentum Thrive Roadshow 2025 Registrieren Sie sich f\u00fcr die Teilnahme in einer Stadt in Ihrer N\u00e4he Besuchen Sie Momentum und Microsoft w\u00e4hrend der Thrive Roadshow 10 June 2025 Momentum + Microsoft Thrive Roadshow Seattle, WA9:00 am &#8211; 1:30 pm Seattle | Microsoft Innovation Hub, 700 Bellevue Way NE, Floor 22 Bellevue, WA 98004 United States [&hellip;]\" \/>\n<meta property=\"og:url\" content=\"https:\/\/gomomentum.eu\/de\/microsoft-roadshow-veranstaltungen\/\" \/>\n<meta property=\"og:site_name\" content=\"Momentum\" \/>\n<meta property=\"article:modified_time\" content=\"2025-05-26T17:09:37+00:00\" \/>\n<meta property=\"og:image\" content=\"https:\/\/gomomentum.eu\/wp-content\/uploads\/2024\/03\/Momentum-Secure-Networking.png\" \/>\n\t<meta property=\"og:image:width\" content=\"1200\" \/>\n\t<meta property=\"og:image:height\" content=\"627\" \/>\n\t<meta property=\"og:image:type\" content=\"image\/png\" \/>\n<meta name=\"twitter:card\" content=\"summary_large_image\" \/>\n<meta name=\"twitter:label1\" content=\"Est. reading time\" \/>\n\t<meta name=\"twitter:data1\" content=\"1\u00a0Minute\" \/>\n<script type=\"application\/ld+json\" class=\"yoast-schema-graph\">{\"@context\":\"https:\\\/\\\/schema.org\",\"@graph\":[{\"@type\":\"WebPage\",\"@id\":\"https:\\\/\\\/gomomentum.eu\\\/de\\\/microsoft-roadshow-veranstaltungen\\\/\",\"url\":\"https:\\\/\\\/gomomentum.eu\\\/de\\\/microsoft-roadshow-veranstaltungen\\\/\",\"name\":\"Microsoft Roadshow-Veranstaltungen | Momentum\",\"isPartOf\":{\"@id\":\"https:\\\/\\\/gomomentum.eu\\\/de\\\/#website\"},\"primaryImageOfPage\":{\"@id\":\"https:\\\/\\\/gomomentum.eu\\\/de\\\/microsoft-roadshow-veranstaltungen\\\/#primaryimage\"},\"image\":{\"@id\":\"https:\\\/\\\/gomomentum.eu\\\/de\\\/microsoft-roadshow-veranstaltungen\\\/#primaryimage\"},\"thumbnailUrl\":\"https:\\\/\\\/gomomentum.eu\\\/wp-content\\\/uploads\\\/2024\\\/03\\\/Momentum-Secure-Networking.png\",\"datePublished\":\"2025-02-13T05:06:06+00:00\",\"dateModified\":\"2025-05-26T17:09:37+00:00\",\"breadcrumb\":{\"@id\":\"https:\\\/\\\/gomomentum.eu\\\/de\\\/microsoft-roadshow-veranstaltungen\\\/#breadcrumb\"},\"inLanguage\":\"de\",\"potentialAction\":[{\"@type\":\"ReadAction\",\"target\":[\"https:\\\/\\\/gomomentum.eu\\\/de\\\/microsoft-roadshow-veranstaltungen\\\/\"]}]},{\"@type\":\"ImageObject\",\"inLanguage\":\"de\",\"@id\":\"https:\\\/\\\/gomomentum.eu\\\/de\\\/microsoft-roadshow-veranstaltungen\\\/#primaryimage\",\"url\":\"https:\\\/\\\/gomomentum.eu\\\/wp-content\\\/uploads\\\/2024\\\/03\\\/Momentum-Secure-Networking.png\",\"contentUrl\":\"https:\\\/\\\/gomomentum.eu\\\/wp-content\\\/uploads\\\/2024\\\/03\\\/Momentum-Secure-Networking.png\",\"width\":1200,\"height\":627},{\"@type\":\"BreadcrumbList\",\"@id\":\"https:\\\/\\\/gomomentum.eu\\\/de\\\/microsoft-roadshow-veranstaltungen\\\/#breadcrumb\",\"itemListElement\":[{\"@type\":\"ListItem\",\"position\":1,\"name\":\"Home\",\"item\":\"https:\\\/\\\/gomomentum.eu\\\/de\\\/\"},{\"@type\":\"ListItem\",\"position\":2,\"name\":\"Microsoft Roadshow-Veranstaltungen\"}]},{\"@type\":\"WebSite\",\"@id\":\"https:\\\/\\\/gomomentum.eu\\\/de\\\/#website\",\"url\":\"https:\\\/\\\/gomomentum.eu\\\/de\\\/\",\"name\":\"Momentum Telecom\",\"description\":\"Connect. Collaborate. Engage | Thrive with Momentum\",\"publisher\":{\"@id\":\"https:\\\/\\\/gomomentum.eu\\\/de\\\/#organization\"},\"alternateName\":\"Go Momentum\",\"potentialAction\":[{\"@type\":\"SearchAction\",\"target\":{\"@type\":\"EntryPoint\",\"urlTemplate\":\"https:\\\/\\\/gomomentum.eu\\\/de\\\/?s={search_term_string}\"},\"query-input\":{\"@type\":\"PropertyValueSpecification\",\"valueRequired\":true,\"valueName\":\"search_term_string\"}}],\"inLanguage\":\"de\"},{\"@type\":\"Organization\",\"@id\":\"https:\\\/\\\/gomomentum.eu\\\/de\\\/#organization\",\"name\":\"Momentum\",\"url\":\"https:\\\/\\\/gomomentum.eu\\\/de\\\/\",\"logo\":{\"@type\":\"ImageObject\",\"inLanguage\":\"de\",\"@id\":\"https:\\\/\\\/gomomentum.eu\\\/de\\\/#\\\/schema\\\/logo\\\/image\\\/\",\"url\":\"https:\\\/\\\/gomomentum.eu\\\/wp-content\\\/uploads\\\/2024\\\/10\\\/momentum_logo.svg\",\"contentUrl\":\"https:\\\/\\\/gomomentum.eu\\\/wp-content\\\/uploads\\\/2024\\\/10\\\/momentum_logo.svg\",\"width\":246,\"height\":47,\"caption\":\"Momentum\"},\"image\":{\"@id\":\"https:\\\/\\\/gomomentum.eu\\\/de\\\/#\\\/schema\\\/logo\\\/image\\\/\"}}]}<\/script>\n<!-- \/ Yoast SEO plugin. -->","yoast_head_json":{"title":"Microsoft Roadshow-Veranstaltungen | Momentum","robots":{"index":"index","follow":"follow","max-snippet":"max-snippet:-1","max-image-preview":"max-image-preview:large","max-video-preview":"max-video-preview:-1"},"canonical":"https:\/\/gomomentum.eu\/de\/microsoft-roadshow-veranstaltungen\/","og_locale":"de_DE","og_type":"article","og_title":"Microsoft Roadshow-Veranstaltungen | Momentum","og_description":"Momentum Thrive Roadshow 2025 Registrieren Sie sich f\u00fcr die Teilnahme in einer Stadt in Ihrer N\u00e4he Besuchen Sie Momentum und Microsoft w\u00e4hrend der Thrive Roadshow 10 June 2025 Momentum + Microsoft Thrive Roadshow Seattle, WA9:00 am &#8211; 1:30 pm Seattle | Microsoft Innovation Hub, 700 Bellevue Way NE, Floor 22 Bellevue, WA 98004 United States [&hellip;]","og_url":"https:\/\/gomomentum.eu\/de\/microsoft-roadshow-veranstaltungen\/","og_site_name":"Momentum","article_modified_time":"2025-05-26T17:09:37+00:00","og_image":[{"width":1200,"height":627,"url":"https:\/\/gomomentum.eu\/wp-content\/uploads\/2024\/03\/Momentum-Secure-Networking.png","type":"image\/png"}],"twitter_card":"summary_large_image","twitter_misc":{"Est. reading time":"1\u00a0Minute"},"schema":{"@context":"https:\/\/schema.org","@graph":[{"@type":"WebPage","@id":"https:\/\/gomomentum.eu\/de\/microsoft-roadshow-veranstaltungen\/","url":"https:\/\/gomomentum.eu\/de\/microsoft-roadshow-veranstaltungen\/","name":"Microsoft Roadshow-Veranstaltungen | Momentum","isPartOf":{"@id":"https:\/\/gomomentum.eu\/de\/#website"},"primaryImageOfPage":{"@id":"https:\/\/gomomentum.eu\/de\/microsoft-roadshow-veranstaltungen\/#primaryimage"},"image":{"@id":"https:\/\/gomomentum.eu\/de\/microsoft-roadshow-veranstaltungen\/#primaryimage"},"thumbnailUrl":"https:\/\/gomomentum.eu\/wp-content\/uploads\/2024\/03\/Momentum-Secure-Networking.png","datePublished":"2025-02-13T05:06:06+00:00","dateModified":"2025-05-26T17:09:37+00:00","breadcrumb":{"@id":"https:\/\/gomomentum.eu\/de\/microsoft-roadshow-veranstaltungen\/#breadcrumb"},"inLanguage":"de","potentialAction":[{"@type":"ReadAction","target":["https:\/\/gomomentum.eu\/de\/microsoft-roadshow-veranstaltungen\/"]}]},{"@type":"ImageObject","inLanguage":"de","@id":"https:\/\/gomomentum.eu\/de\/microsoft-roadshow-veranstaltungen\/#primaryimage","url":"https:\/\/gomomentum.eu\/wp-content\/uploads\/2024\/03\/Momentum-Secure-Networking.png","contentUrl":"https:\/\/gomomentum.eu\/wp-content\/uploads\/2024\/03\/Momentum-Secure-Networking.png","width":1200,"height":627},{"@type":"BreadcrumbList","@id":"https:\/\/gomomentum.eu\/de\/microsoft-roadshow-veranstaltungen\/#breadcrumb","itemListElement":[{"@type":"ListItem","position":1,"name":"Home","item":"https:\/\/gomomentum.eu\/de\/"},{"@type":"ListItem","position":2,"name":"Microsoft Roadshow-Veranstaltungen"}]},{"@type":"WebSite","@id":"https:\/\/gomomentum.eu\/de\/#website","url":"https:\/\/gomomentum.eu\/de\/","name":"Momentum Telecom","description":"Connect. Collaborate. Engage | Thrive with Momentum","publisher":{"@id":"https:\/\/gomomentum.eu\/de\/#organization"},"alternateName":"Go Momentum","potentialAction":[{"@type":"SearchAction","target":{"@type":"EntryPoint","urlTemplate":"https:\/\/gomomentum.eu\/de\/?s={search_term_string}"},"query-input":{"@type":"PropertyValueSpecification","valueRequired":true,"valueName":"search_term_string"}}],"inLanguage":"de"},{"@type":"Organization","@id":"https:\/\/gomomentum.eu\/de\/#organization","name":"Momentum","url":"https:\/\/gomomentum.eu\/de\/","logo":{"@type":"ImageObject","inLanguage":"de","@id":"https:\/\/gomomentum.eu\/de\/#\/schema\/logo\/image\/","url":"https:\/\/gomomentum.eu\/wp-content\/uploads\/2024\/10\/momentum_logo.svg","contentUrl":"https:\/\/gomomentum.eu\/wp-content\/uploads\/2024\/10\/momentum_logo.svg","width":246,"height":47,"caption":"Momentum"},"image":{"@id":"https:\/\/gomomentum.eu\/de\/#\/schema\/logo\/image\/"}}]}},"_links":{"self":[{"href":"https:\/\/gomomentum.eu\/de\/wp-json\/wp\/v2\/pages\/34310","targetHints":{"allow":["GET"]}}],"collection":[{"href":"https:\/\/gomomentum.eu\/de\/wp-json\/wp\/v2\/pages"}],"about":[{"href":"https:\/\/gomomentum.eu\/de\/wp-json\/wp\/v2\/types\/page"}],"author":[{"embeddable":true,"href":"https:\/\/gomomentum.eu\/de\/wp-json\/wp\/v2\/users\/26"}],"replies":[{"embeddable":true,"href":"https:\/\/gomomentum.eu\/de\/wp-json\/wp\/v2\/comments?post=34310"}],"version-history":[{"count":0,"href":"https:\/\/gomomentum.eu\/de\/wp-json\/wp\/v2\/pages\/34310\/revisions"}],"wp:featuredmedia":[{"embeddable":true,"href":"https:\/\/gomomentum.eu\/de\/wp-json\/wp\/v2\/media\/32322"}],"wp:attachment":[{"href":"https:\/\/gomomentum.eu\/de\/wp-json\/wp\/v2\/media?parent=34310"}],"curies":[{"name":"wp","href":"https:\/\/api.w.org\/{rel}","templated":true}]}}