{"id":34286,"date":"2025-01-28T22:17:54","date_gmt":"2025-01-28T22:17:54","guid":{"rendered":"https:\/\/momeuro.wpenginepowered.com\/calea\/"},"modified":"2025-01-28T22:17:54","modified_gmt":"2025-01-28T22:17:54","slug":"calea","status":"publish","type":"page","link":"https:\/\/gomomentum.eu\/de\/calea\/","title":{"rendered":"CALEA"},"content":{"rendered":"<h2>CALEA<\/h2>\n<p><span class=\"ui-provider a b c d e f g h i j k l m n o p q r s t u v w x y z ab ac ae af ag ah ai aj ak\" dir=\"ltr\">Alle Vorladungen und andere beh\u00f6rdliche Anfragen, die Momentum-Kunden betreffen, werden an Subsentio, eine gem\u00e4\u00df dem Communications Assistance for Law Enforcement Act (CALEA) benannte &#8222;vertrauensw\u00fcrdige Drittpartei&#8220;, zur Pr\u00fcfung und Weiterleitung an die anfragende Beh\u00f6rde weitergeleitet. Dieses Verfahren dient dazu, die Haftung des H\u00e4ndlers zu begrenzen und die Privatsph\u00e4re unserer Kunden zu sch\u00fctzen. Bitte leiten Sie alle Anfragen an <a href=\"mailto:subpoena@gomomentum.com\">subpoena@gomomentum.com<\/a> weiter.    <\/span><\/p>\n<p>&nbsp;<\/p>\n","protected":false},"excerpt":{"rendered":"<p>CALEA Alle Vorladungen und andere beh\u00f6rdliche Anfragen, die Momentum-Kunden betreffen, werden an Subsentio, eine gem\u00e4\u00df dem Communications Assistance for Law Enforcement Act (CALEA) benannte &#8222;vertrauensw\u00fcrdige Drittpartei&#8220;, zur Pr\u00fcfung und Weiterleitung an die anfragende Beh\u00f6rde weitergeleitet. Dieses Verfahren dient dazu, die Haftung des H\u00e4ndlers zu begrenzen und die Privatsph\u00e4re unserer Kunden zu sch\u00fctzen. Bitte leiten Sie [&hellip;]<\/p>\n","protected":false},"author":8,"featured_media":0,"parent":0,"menu_order":0,"comment_status":"closed","ping_status":"closed","template":"elementor_header_footer","meta":{"footnotes":""},"class_list":["post-34286","page","type-page","status-publish","hentry"],"yoast_head":"<!-- This site is optimized with the Yoast SEO plugin v27.3 - https:\/\/yoast.com\/product\/yoast-seo-wordpress\/ -->\n<title>CALEA - Momentum<\/title>\n<meta name=\"robots\" content=\"index, follow, max-snippet:-1, max-image-preview:large, max-video-preview:-1\" \/>\n<link rel=\"canonical\" href=\"https:\/\/gomomentum.eu\/de\/calea\/\" \/>\n<meta property=\"og:locale\" content=\"de_DE\" \/>\n<meta property=\"og:type\" content=\"article\" \/>\n<meta property=\"og:title\" content=\"CALEA - Momentum\" \/>\n<meta property=\"og:description\" content=\"CALEA Alle Vorladungen und andere beh\u00f6rdliche Anfragen, die Momentum-Kunden betreffen, werden an Subsentio, eine gem\u00e4\u00df dem Communications Assistance for Law Enforcement Act (CALEA) benannte &#8222;vertrauensw\u00fcrdige Drittpartei&#8220;, zur Pr\u00fcfung und Weiterleitung an die anfragende Beh\u00f6rde weitergeleitet. Dieses Verfahren dient dazu, die Haftung des H\u00e4ndlers zu begrenzen und die Privatsph\u00e4re unserer Kunden zu sch\u00fctzen. Bitte leiten Sie [&hellip;]\" \/>\n<meta property=\"og:url\" content=\"https:\/\/gomomentum.eu\/de\/calea\/\" \/>\n<meta property=\"og:site_name\" content=\"Momentum\" \/>\n<meta property=\"og:image\" content=\"https:\/\/gomomentum.eu\/wp-content\/uploads\/2024\/10\/Momentum.jpg\" \/>\n\t<meta property=\"og:image:width\" content=\"1200\" \/>\n\t<meta property=\"og:image:height\" content=\"627\" \/>\n\t<meta property=\"og:image:type\" content=\"image\/jpeg\" \/>\n<meta name=\"twitter:card\" content=\"summary_large_image\" \/>\n<script type=\"application\/ld+json\" class=\"yoast-schema-graph\">{\"@context\":\"https:\\\/\\\/schema.org\",\"@graph\":[{\"@type\":\"WebPage\",\"@id\":\"https:\\\/\\\/gomomentum.eu\\\/de\\\/calea\\\/\",\"url\":\"https:\\\/\\\/gomomentum.eu\\\/de\\\/calea\\\/\",\"name\":\"CALEA - Momentum\",\"isPartOf\":{\"@id\":\"https:\\\/\\\/gomomentum.eu\\\/de\\\/#website\"},\"datePublished\":\"2025-01-28T22:17:54+00:00\",\"breadcrumb\":{\"@id\":\"https:\\\/\\\/gomomentum.eu\\\/de\\\/calea\\\/#breadcrumb\"},\"inLanguage\":\"de\",\"potentialAction\":[{\"@type\":\"ReadAction\",\"target\":[\"https:\\\/\\\/gomomentum.eu\\\/de\\\/calea\\\/\"]}]},{\"@type\":\"BreadcrumbList\",\"@id\":\"https:\\\/\\\/gomomentum.eu\\\/de\\\/calea\\\/#breadcrumb\",\"itemListElement\":[{\"@type\":\"ListItem\",\"position\":1,\"name\":\"Home\",\"item\":\"https:\\\/\\\/gomomentum.eu\\\/de\\\/\"},{\"@type\":\"ListItem\",\"position\":2,\"name\":\"CALEA\"}]},{\"@type\":\"WebSite\",\"@id\":\"https:\\\/\\\/gomomentum.eu\\\/de\\\/#website\",\"url\":\"https:\\\/\\\/gomomentum.eu\\\/de\\\/\",\"name\":\"Momentum Telecom\",\"description\":\"Connect. Collaborate. Engage | Thrive with Momentum\",\"publisher\":{\"@id\":\"https:\\\/\\\/gomomentum.eu\\\/de\\\/#organization\"},\"alternateName\":\"Go Momentum\",\"potentialAction\":[{\"@type\":\"SearchAction\",\"target\":{\"@type\":\"EntryPoint\",\"urlTemplate\":\"https:\\\/\\\/gomomentum.eu\\\/de\\\/?s={search_term_string}\"},\"query-input\":{\"@type\":\"PropertyValueSpecification\",\"valueRequired\":true,\"valueName\":\"search_term_string\"}}],\"inLanguage\":\"de\"},{\"@type\":\"Organization\",\"@id\":\"https:\\\/\\\/gomomentum.eu\\\/de\\\/#organization\",\"name\":\"Momentum\",\"url\":\"https:\\\/\\\/gomomentum.eu\\\/de\\\/\",\"logo\":{\"@type\":\"ImageObject\",\"inLanguage\":\"de\",\"@id\":\"https:\\\/\\\/gomomentum.eu\\\/de\\\/#\\\/schema\\\/logo\\\/image\\\/\",\"url\":\"https:\\\/\\\/gomomentum.eu\\\/wp-content\\\/uploads\\\/2024\\\/10\\\/momentum_logo.svg\",\"contentUrl\":\"https:\\\/\\\/gomomentum.eu\\\/wp-content\\\/uploads\\\/2024\\\/10\\\/momentum_logo.svg\",\"width\":246,\"height\":47,\"caption\":\"Momentum\"},\"image\":{\"@id\":\"https:\\\/\\\/gomomentum.eu\\\/de\\\/#\\\/schema\\\/logo\\\/image\\\/\"}}]}<\/script>\n<!-- \/ Yoast SEO plugin. -->","yoast_head_json":{"title":"CALEA - Momentum","robots":{"index":"index","follow":"follow","max-snippet":"max-snippet:-1","max-image-preview":"max-image-preview:large","max-video-preview":"max-video-preview:-1"},"canonical":"https:\/\/gomomentum.eu\/de\/calea\/","og_locale":"de_DE","og_type":"article","og_title":"CALEA - Momentum","og_description":"CALEA Alle Vorladungen und andere beh\u00f6rdliche Anfragen, die Momentum-Kunden betreffen, werden an Subsentio, eine gem\u00e4\u00df dem Communications Assistance for Law Enforcement Act (CALEA) benannte &#8222;vertrauensw\u00fcrdige Drittpartei&#8220;, zur Pr\u00fcfung und Weiterleitung an die anfragende Beh\u00f6rde weitergeleitet. Dieses Verfahren dient dazu, die Haftung des H\u00e4ndlers zu begrenzen und die Privatsph\u00e4re unserer Kunden zu sch\u00fctzen. Bitte leiten Sie [&hellip;]","og_url":"https:\/\/gomomentum.eu\/de\/calea\/","og_site_name":"Momentum","og_image":[{"width":1200,"height":627,"url":"https:\/\/gomomentum.eu\/wp-content\/uploads\/2024\/10\/Momentum.jpg","type":"image\/jpeg"}],"twitter_card":"summary_large_image","schema":{"@context":"https:\/\/schema.org","@graph":[{"@type":"WebPage","@id":"https:\/\/gomomentum.eu\/de\/calea\/","url":"https:\/\/gomomentum.eu\/de\/calea\/","name":"CALEA - Momentum","isPartOf":{"@id":"https:\/\/gomomentum.eu\/de\/#website"},"datePublished":"2025-01-28T22:17:54+00:00","breadcrumb":{"@id":"https:\/\/gomomentum.eu\/de\/calea\/#breadcrumb"},"inLanguage":"de","potentialAction":[{"@type":"ReadAction","target":["https:\/\/gomomentum.eu\/de\/calea\/"]}]},{"@type":"BreadcrumbList","@id":"https:\/\/gomomentum.eu\/de\/calea\/#breadcrumb","itemListElement":[{"@type":"ListItem","position":1,"name":"Home","item":"https:\/\/gomomentum.eu\/de\/"},{"@type":"ListItem","position":2,"name":"CALEA"}]},{"@type":"WebSite","@id":"https:\/\/gomomentum.eu\/de\/#website","url":"https:\/\/gomomentum.eu\/de\/","name":"Momentum Telecom","description":"Connect. Collaborate. Engage | Thrive with Momentum","publisher":{"@id":"https:\/\/gomomentum.eu\/de\/#organization"},"alternateName":"Go Momentum","potentialAction":[{"@type":"SearchAction","target":{"@type":"EntryPoint","urlTemplate":"https:\/\/gomomentum.eu\/de\/?s={search_term_string}"},"query-input":{"@type":"PropertyValueSpecification","valueRequired":true,"valueName":"search_term_string"}}],"inLanguage":"de"},{"@type":"Organization","@id":"https:\/\/gomomentum.eu\/de\/#organization","name":"Momentum","url":"https:\/\/gomomentum.eu\/de\/","logo":{"@type":"ImageObject","inLanguage":"de","@id":"https:\/\/gomomentum.eu\/de\/#\/schema\/logo\/image\/","url":"https:\/\/gomomentum.eu\/wp-content\/uploads\/2024\/10\/momentum_logo.svg","contentUrl":"https:\/\/gomomentum.eu\/wp-content\/uploads\/2024\/10\/momentum_logo.svg","width":246,"height":47,"caption":"Momentum"},"image":{"@id":"https:\/\/gomomentum.eu\/de\/#\/schema\/logo\/image\/"}}]}},"_links":{"self":[{"href":"https:\/\/gomomentum.eu\/de\/wp-json\/wp\/v2\/pages\/34286","targetHints":{"allow":["GET"]}}],"collection":[{"href":"https:\/\/gomomentum.eu\/de\/wp-json\/wp\/v2\/pages"}],"about":[{"href":"https:\/\/gomomentum.eu\/de\/wp-json\/wp\/v2\/types\/page"}],"author":[{"embeddable":true,"href":"https:\/\/gomomentum.eu\/de\/wp-json\/wp\/v2\/users\/8"}],"replies":[{"embeddable":true,"href":"https:\/\/gomomentum.eu\/de\/wp-json\/wp\/v2\/comments?post=34286"}],"version-history":[{"count":0,"href":"https:\/\/gomomentum.eu\/de\/wp-json\/wp\/v2\/pages\/34286\/revisions"}],"wp:attachment":[{"href":"https:\/\/gomomentum.eu\/de\/wp-json\/wp\/v2\/media?parent=34286"}],"curies":[{"name":"wp","href":"https:\/\/api.w.org\/{rel}","templated":true}]}}