{"id":34285,"date":"2025-01-28T22:17:53","date_gmt":"2025-01-28T22:17:53","guid":{"rendered":"https:\/\/momeuro.wpenginepowered.com\/zugaenglichkeit\/"},"modified":"2025-05-26T17:07:24","modified_gmt":"2025-05-26T17:07:24","slug":"zugaenglichkeit","status":"publish","type":"page","link":"https:\/\/gomomentum.eu\/de\/zugaenglichkeit\/","title":{"rendered":"Zug\u00e4nglichkeit"},"content":{"rendered":"\t\t<div data-elementor-type=\"wp-page\" data-elementor-id=\"34285\" class=\"elementor elementor-34285\" data-elementor-settings=\"{&quot;ha_cmc_init_switcher&quot;:&quot;no&quot;}\" data-elementor-post-type=\"page\">\n\t\t\t\t<div class=\"elementor-element elementor-element-12eee778 e-flex e-con-boxed e-con e-parent\" data-id=\"12eee778\" data-element_type=\"container\" data-settings=\"{&quot;_ha_eqh_enable&quot;:false}\">\n\t\t\t\t\t<div class=\"e-con-inner\">\n\t\t\t\t<div class=\"elementor-element elementor-element-4249c65c elementor-widget elementor-widget-text-editor\" data-id=\"4249c65c\" data-element_type=\"widget\" data-widget_type=\"text-editor.default\">\n\t\t\t\t<div class=\"elementor-widget-container\">\n\t\t\t\t\t\t\t\t\t<h1><em>Erkl\u00e4rung zur Zug\u00e4nglichkeit<\/em><\/h1><p>Momentum setzt sich daf\u00fcr ein, dass jeder Mensch mit W\u00fcrde und Respekt behandelt wird, und wir bem\u00fchen uns, unsere Produkte und Dienstleistungen allen Kunden zug\u00e4nglich zu machen, auch Menschen mit Behinderungen. Um diese Verpflichtung zu unterst\u00fctzen, hat Momentum einen Plan zur Barrierefreiheit entwickelt, der unsere Bem\u00fchungen zur Identifizierung und Beseitigung von Barrieren f\u00fcr Menschen mit Behinderungen beschreibt. Sie k\u00f6nnen den vollst\u00e4ndigen Zug\u00e4nglichkeitsplan einsehen, indem Sie auf den folgenden Link klicken: <a href=\"https:\/\/gomomentum.eu\/wp-content\/uploads\/2024\/09\/Accessibility-Plan-updated-9.26.24-v2.pdf\">Momentum&#8217;s Plan f\u00fcr Barrierefreiheit (PDF)<\/a>.<\/p><p>Wenn Sie uns ein Feedback \u00fcber die Zug\u00e4nglichkeit unserer Dienste geben m\u00f6chten, kontaktieren Sie uns bitte unter <a href=\"mailto:accessibility@gomomentum.com\">accessibility@gomomentum.com.<\/a> Wir respektieren Ihre Privatsph\u00e4re und Sie k\u00f6nnen uns Ihr Feedback auch anonym zukommen lassen, wenn Sie dies w\u00fcnschen. Wenn Sie sich jedoch daf\u00fcr entscheiden, uns Ihren Namen und Ihre Kontaktinformationen mitzuteilen, anstatt anonymes Feedback zu geben, werden wir den Erhalt Ihres Feedbacks best\u00e4tigen, Ihre Informationen jedoch nicht an Dritte weitergeben. Indem Sie mit uns Kontakt aufnehmen, erkl\u00e4ren Sie sich mit der Erfassung, Verwendung und Speicherung Ihrer pers\u00f6nlichen Daten einverstanden, damit wir auf Ihre Anliegen eingehen und unsere Dienstleistungen verbessern k\u00f6nnen. Die f\u00fcr die Entgegennahme von Feedback zur Barrierefreiheit zust\u00e4ndige Person ist unser SVP &amp; General Counsel, Joe Coomes, <a href=\"mailto:joe.coomes@gomomentum.com\">joe.coomes@gomomentum.com.<\/a> <span style=\"text-align: var(--text-align);\">Diese Webseite erf\u00fcllt die Anforderungen der Zug\u00e4nglichkeitsstufe AA, die in den Web Content Accessibility Guidelines (WCAG) 2.1 festgelegt sind.<\/span><\/p><div><span style=\"color: var( --e-global-color-text ); font-size: var( --e-global-typography-text-font-size ); font-weight: var( --e-global-typography-text-font-weight ); text-align: var(--text-align);\"> <\/span><\/div>\t\t\t\t\t\t\t\t<\/div>\n\t\t\t\t<\/div>\n\t\t\t\t\t<\/div>\n\t\t\t\t<\/div>\n\t\t\t\t<\/div>\n\t\t","protected":false},"excerpt":{"rendered":"<p>Erkl\u00e4rung zur Zug\u00e4nglichkeit Momentum setzt sich daf\u00fcr ein, dass jeder Mensch mit W\u00fcrde und Respekt behandelt wird, und wir bem\u00fchen uns, unsere Produkte und Dienstleistungen allen Kunden zug\u00e4nglich zu machen, auch Menschen mit Behinderungen. Um diese Verpflichtung zu unterst\u00fctzen, hat Momentum einen Plan zur Barrierefreiheit entwickelt, der unsere Bem\u00fchungen zur Identifizierung und Beseitigung von Barrieren [&hellip;]<\/p>\n","protected":false},"author":8,"featured_media":0,"parent":0,"menu_order":0,"comment_status":"closed","ping_status":"closed","template":"elementor_header_footer","meta":{"footnotes":""},"class_list":["post-34285","page","type-page","status-publish","hentry"],"yoast_head":"<!-- This site is optimized with the Yoast SEO plugin v26.8 - https:\/\/yoast.com\/product\/yoast-seo-wordpress\/ -->\n<title>Zug\u00e4nglichkeit - Momentum<\/title>\n<meta name=\"robots\" content=\"index, follow, max-snippet:-1, max-image-preview:large, max-video-preview:-1\" \/>\n<link rel=\"canonical\" href=\"https:\/\/gomomentum.eu\/de\/zugaenglichkeit\/\" \/>\n<meta property=\"og:locale\" content=\"de_DE\" \/>\n<meta property=\"og:type\" content=\"article\" \/>\n<meta property=\"og:title\" content=\"Zug\u00e4nglichkeit - Momentum\" \/>\n<meta property=\"og:description\" content=\"Erkl\u00e4rung zur Zug\u00e4nglichkeit Momentum setzt sich daf\u00fcr ein, dass jeder Mensch mit W\u00fcrde und Respekt behandelt wird, und wir bem\u00fchen uns, unsere Produkte und Dienstleistungen allen Kunden zug\u00e4nglich zu machen, auch Menschen mit Behinderungen. Um diese Verpflichtung zu unterst\u00fctzen, hat Momentum einen Plan zur Barrierefreiheit entwickelt, der unsere Bem\u00fchungen zur Identifizierung und Beseitigung von Barrieren [&hellip;]\" \/>\n<meta property=\"og:url\" content=\"https:\/\/gomomentum.eu\/de\/zugaenglichkeit\/\" \/>\n<meta property=\"og:site_name\" content=\"Momentum\" \/>\n<meta property=\"article:modified_time\" content=\"2025-05-26T17:07:24+00:00\" \/>\n<meta property=\"og:image\" content=\"https:\/\/gomomentum.eu\/wp-content\/uploads\/2024\/10\/Momentum.jpg\" \/>\n\t<meta property=\"og:image:width\" content=\"1200\" \/>\n\t<meta property=\"og:image:height\" content=\"627\" \/>\n\t<meta property=\"og:image:type\" content=\"image\/jpeg\" \/>\n<meta name=\"twitter:card\" content=\"summary_large_image\" \/>\n<meta name=\"twitter:label1\" content=\"Est. reading time\" \/>\n\t<meta name=\"twitter:data1\" content=\"1\u00a0Minute\" \/>\n<script type=\"application\/ld+json\" class=\"yoast-schema-graph\">{\"@context\":\"https:\/\/schema.org\",\"@graph\":[{\"@type\":\"WebPage\",\"@id\":\"https:\/\/gomomentum.eu\/de\/zugaenglichkeit\/\",\"url\":\"https:\/\/gomomentum.eu\/de\/zugaenglichkeit\/\",\"name\":\"Zug\u00e4nglichkeit - Momentum\",\"isPartOf\":{\"@id\":\"https:\/\/gomomentum.eu\/de\/#website\"},\"datePublished\":\"2025-01-28T22:17:53+00:00\",\"dateModified\":\"2025-05-26T17:07:24+00:00\",\"breadcrumb\":{\"@id\":\"https:\/\/gomomentum.eu\/de\/zugaenglichkeit\/#breadcrumb\"},\"inLanguage\":\"de\",\"potentialAction\":[{\"@type\":\"ReadAction\",\"target\":[\"https:\/\/gomomentum.eu\/de\/zugaenglichkeit\/\"]}]},{\"@type\":\"BreadcrumbList\",\"@id\":\"https:\/\/gomomentum.eu\/de\/zugaenglichkeit\/#breadcrumb\",\"itemListElement\":[{\"@type\":\"ListItem\",\"position\":1,\"name\":\"Home\",\"item\":\"https:\/\/gomomentum.eu\/de\/\"},{\"@type\":\"ListItem\",\"position\":2,\"name\":\"Zug\u00e4nglichkeit\"}]},{\"@type\":\"WebSite\",\"@id\":\"https:\/\/gomomentum.eu\/de\/#website\",\"url\":\"https:\/\/gomomentum.eu\/de\/\",\"name\":\"Momentum Telecom\",\"description\":\"Connect. Collaborate. Engage | Thrive with Momentum\",\"publisher\":{\"@id\":\"https:\/\/gomomentum.eu\/de\/#organization\"},\"alternateName\":\"Go Momentum\",\"potentialAction\":[{\"@type\":\"SearchAction\",\"target\":{\"@type\":\"EntryPoint\",\"urlTemplate\":\"https:\/\/gomomentum.eu\/de\/?s={search_term_string}\"},\"query-input\":{\"@type\":\"PropertyValueSpecification\",\"valueRequired\":true,\"valueName\":\"search_term_string\"}}],\"inLanguage\":\"de\"},{\"@type\":\"Organization\",\"@id\":\"https:\/\/gomomentum.eu\/de\/#organization\",\"name\":\"Momentum\",\"url\":\"https:\/\/gomomentum.eu\/de\/\",\"logo\":{\"@type\":\"ImageObject\",\"inLanguage\":\"de\",\"@id\":\"https:\/\/gomomentum.eu\/de\/#\/schema\/logo\/image\/\",\"url\":\"https:\/\/gomomentum.eu\/wp-content\/uploads\/2024\/10\/momentum_logo.svg\",\"contentUrl\":\"https:\/\/gomomentum.eu\/wp-content\/uploads\/2024\/10\/momentum_logo.svg\",\"width\":246,\"height\":47,\"caption\":\"Momentum\"},\"image\":{\"@id\":\"https:\/\/gomomentum.eu\/de\/#\/schema\/logo\/image\/\"}}]}<\/script>\n<!-- \/ Yoast SEO plugin. -->","yoast_head_json":{"title":"Zug\u00e4nglichkeit - Momentum","robots":{"index":"index","follow":"follow","max-snippet":"max-snippet:-1","max-image-preview":"max-image-preview:large","max-video-preview":"max-video-preview:-1"},"canonical":"https:\/\/gomomentum.eu\/de\/zugaenglichkeit\/","og_locale":"de_DE","og_type":"article","og_title":"Zug\u00e4nglichkeit - Momentum","og_description":"Erkl\u00e4rung zur Zug\u00e4nglichkeit Momentum setzt sich daf\u00fcr ein, dass jeder Mensch mit W\u00fcrde und Respekt behandelt wird, und wir bem\u00fchen uns, unsere Produkte und Dienstleistungen allen Kunden zug\u00e4nglich zu machen, auch Menschen mit Behinderungen. Um diese Verpflichtung zu unterst\u00fctzen, hat Momentum einen Plan zur Barrierefreiheit entwickelt, der unsere Bem\u00fchungen zur Identifizierung und Beseitigung von Barrieren [&hellip;]","og_url":"https:\/\/gomomentum.eu\/de\/zugaenglichkeit\/","og_site_name":"Momentum","article_modified_time":"2025-05-26T17:07:24+00:00","og_image":[{"width":1200,"height":627,"url":"https:\/\/gomomentum.eu\/wp-content\/uploads\/2024\/10\/Momentum.jpg","type":"image\/jpeg"}],"twitter_card":"summary_large_image","twitter_misc":{"Est. reading time":"1\u00a0Minute"},"schema":{"@context":"https:\/\/schema.org","@graph":[{"@type":"WebPage","@id":"https:\/\/gomomentum.eu\/de\/zugaenglichkeit\/","url":"https:\/\/gomomentum.eu\/de\/zugaenglichkeit\/","name":"Zug\u00e4nglichkeit - Momentum","isPartOf":{"@id":"https:\/\/gomomentum.eu\/de\/#website"},"datePublished":"2025-01-28T22:17:53+00:00","dateModified":"2025-05-26T17:07:24+00:00","breadcrumb":{"@id":"https:\/\/gomomentum.eu\/de\/zugaenglichkeit\/#breadcrumb"},"inLanguage":"de","potentialAction":[{"@type":"ReadAction","target":["https:\/\/gomomentum.eu\/de\/zugaenglichkeit\/"]}]},{"@type":"BreadcrumbList","@id":"https:\/\/gomomentum.eu\/de\/zugaenglichkeit\/#breadcrumb","itemListElement":[{"@type":"ListItem","position":1,"name":"Home","item":"https:\/\/gomomentum.eu\/de\/"},{"@type":"ListItem","position":2,"name":"Zug\u00e4nglichkeit"}]},{"@type":"WebSite","@id":"https:\/\/gomomentum.eu\/de\/#website","url":"https:\/\/gomomentum.eu\/de\/","name":"Momentum Telecom","description":"Connect. Collaborate. Engage | Thrive with Momentum","publisher":{"@id":"https:\/\/gomomentum.eu\/de\/#organization"},"alternateName":"Go Momentum","potentialAction":[{"@type":"SearchAction","target":{"@type":"EntryPoint","urlTemplate":"https:\/\/gomomentum.eu\/de\/?s={search_term_string}"},"query-input":{"@type":"PropertyValueSpecification","valueRequired":true,"valueName":"search_term_string"}}],"inLanguage":"de"},{"@type":"Organization","@id":"https:\/\/gomomentum.eu\/de\/#organization","name":"Momentum","url":"https:\/\/gomomentum.eu\/de\/","logo":{"@type":"ImageObject","inLanguage":"de","@id":"https:\/\/gomomentum.eu\/de\/#\/schema\/logo\/image\/","url":"https:\/\/gomomentum.eu\/wp-content\/uploads\/2024\/10\/momentum_logo.svg","contentUrl":"https:\/\/gomomentum.eu\/wp-content\/uploads\/2024\/10\/momentum_logo.svg","width":246,"height":47,"caption":"Momentum"},"image":{"@id":"https:\/\/gomomentum.eu\/de\/#\/schema\/logo\/image\/"}}]}},"_links":{"self":[{"href":"https:\/\/gomomentum.eu\/de\/wp-json\/wp\/v2\/pages\/34285","targetHints":{"allow":["GET"]}}],"collection":[{"href":"https:\/\/gomomentum.eu\/de\/wp-json\/wp\/v2\/pages"}],"about":[{"href":"https:\/\/gomomentum.eu\/de\/wp-json\/wp\/v2\/types\/page"}],"author":[{"embeddable":true,"href":"https:\/\/gomomentum.eu\/de\/wp-json\/wp\/v2\/users\/8"}],"replies":[{"embeddable":true,"href":"https:\/\/gomomentum.eu\/de\/wp-json\/wp\/v2\/comments?post=34285"}],"version-history":[{"count":0,"href":"https:\/\/gomomentum.eu\/de\/wp-json\/wp\/v2\/pages\/34285\/revisions"}],"wp:attachment":[{"href":"https:\/\/gomomentum.eu\/de\/wp-json\/wp\/v2\/media?parent=34285"}],"curies":[{"name":"wp","href":"https:\/\/api.w.org\/{rel}","templated":true}]}}